{"id":921,"date":"2017-05-18T14:47:13","date_gmt":"2017-05-18T12:47:13","guid":{"rendered":"http:\/\/www.bluewaterclub.pl\/blue-water-fiesta\/?page_id=921"},"modified":"2019-05-08T13:21:26","modified_gmt":"2019-05-08T11:21:26","slug":"formularz","status":"publish","type":"page","link":"https:\/\/www.bluewaterclub.pl\/blue-water-fiesta\/formularz\/","title":{"rendered":"Formularz"},"content":{"rendered":"<p>[vc_row section_id=&#8221;start&#8221; section_title=&#8221;start&#8221;][vc_column]<h2 class=\"grve-element grve-align-center grve-title-line grve-h2\" style=\"\"><span>Rezerwacja miejsca<\/span><\/h2>[\/vc_column][\/vc_row][vc_row footer_feature=&#8221;yes&#8221;][vc_column width=&#8221;1\/6&#8243;][\/vc_column][vc_column width=&#8221;2\/3&#8243;][vc_column_text]<\/p>\n<p style=\"text-align: justify;\">W przypadku rezerwacji First Minute i Second Minute, <span style=\"color: #ff0000;\">mo\u017cesz dokona\u0107 BEZP\u0141ATNEGO anulowania rezerwacji do ko\u0144ca lutego 2019\u00a0<\/span>je\u017celi nie dostaniesz urlopu. Wystarczy, \u017ce poinformujesz nas o tym mailem lub telefonicznie i zwr\u00f3cimy Ci 100% wp\u0142aty w ci\u0105gu 7 dni. Nie ma ukrytych op\u0142at ani niczego drobnym druczkiem, po prostu jasne, proste zasady \ud83d\ude42<\/p>\n<p style=\"text-align: justify;\">Aby wybra\u0107 konkretny rejs i dokona\u0107 jego rezerwacji, kliknij w przycisk &#8222;Dalej&#8221; poni\u017cej a nast\u0119pnie wybierz nr rejsu z listy, kt\u00f3ra pojawi si\u0119 w kolejnym oknie. <span style=\"color: #ff0000;\">Je\u017celi nie widzisz przycisku &#8222;Dalej&#8221; poczekaj 5-10 sekund, na pewno si\u0119 pojawi :).\u00a0<\/span><\/p>\n<p>[\/vc_column_text][vc_column_text]<\/p>\n<p style=\"text-align: justify;\"><strong>UWAGA<\/strong> &#8211; podania poni\u017cej op\u0142ata 100 PLN dotyczy rezerwacji miejsca. Pozosta\u0142a cz\u0119\u015b\u0107 koszt\u00f3w podanych na stronie z cenami rejsu lub kursu, musi zosta\u0107 wp\u0142acona przelewem bankowym na konto Organizatora, kt\u00f3rego nr otrzymasz mailem po dokonaniu rezerwacji miejsca.<\/p>\n<p>[\/vc_column_text][vc_raw_html]JTNDaWZyYW1lJTIwc3JjJTNEJTIyaHR0cHMlM0ElMkYlMkZSZWpzeS16LUJsdWUtV2F0ZXItQ2x1Yi1yZXplcndhY2pha29waWExLmV2ZW5lYS5wbCUzRm91dCUzRDElMjZzb3VyY2UlM0RldmVudF9pZnJhbWUlMjIlMjB3aWR0aCUzRCUyMjEwMCUyNSUyMiUyMHNjcm9sbGluZyUzRCUyMm5vJTIyJTIwc3R5bGUlM0QlMjJib3JkZXIlM0ElMjAwJTNCJTIyJTNFJTNDJTJGaWZyYW1lJTNFJTBBJTNDc2NyaXB0JTIwc3JjJTNEJTIyJTJGJTJGYWpheC5nb29nbGVhcGlzLmNvbSUyRmFqYXglMkZsaWJzJTJGanF1ZXJ5JTJGMS4xMS4wJTJGanF1ZXJ5Lm1pbi5qcyUyMiUzRSUzQyUyRnNjcmlwdCUzRSUwQSUzQ3NjcmlwdCUyMHR5cGUlM0QlMjJ0ZXh0JTJGamF2YXNjcmlwdCUyMiUyMHNyYyUzRCUyMiUyRiUyRmNkbi5ldmVuZWEucGwlMkZqcyUyRmlmcmFtZSUyRm5ldyUyRmlmcmFtZVJlc2l6ZXIyLmpzJTIyJTNFJTNDJTJGc2NyaXB0JTNF[\/vc_raw_html][\/vc_column][vc_column width=&#8221;1\/6&#8243;][\/vc_column][\/vc_row]<\/p>\n","protected":false},"excerpt":{"rendered":"<p>[vc_row section_id=&#8221;start&#8221; section_title=&#8221;start&#8221;][vc_column][\/vc_column][\/vc_row][vc_row footer_feature=&#8221;yes&#8221;][vc_column width=&#8221;1\/6&#8243;][\/vc_column][vc_column width=&#8221;2\/3&#8243;][vc_column_text] W przypadku rezerwacji First Minute i Second Minute, mo\u017cesz dokona\u0107 BEZP\u0141ATNEGO anulowania rezerwacji do ko\u0144ca lutego 2019\u00a0je\u017celi nie dostaniesz urlopu. Wystarczy, \u017ce poinformujesz nas o tym mailem lub telefonicznie i zwr\u00f3cimy Ci 100% wp\u0142aty w ci\u0105gu 7 dni. Nie ma ukrytych op\u0142at ani niczego drobnym druczkiem, po prostu jasne, [&hellip;]<\/p>\n","protected":false},"author":1,"featured_media":0,"parent":0,"menu_order":0,"comment_status":"closed","ping_status":"closed","template":"","meta":[],"_links":{"self":[{"href":"https:\/\/www.bluewaterclub.pl\/blue-water-fiesta\/wp-json\/wp\/v2\/pages\/921"}],"collection":[{"href":"https:\/\/www.bluewaterclub.pl\/blue-water-fiesta\/wp-json\/wp\/v2\/pages"}],"about":[{"href":"https:\/\/www.bluewaterclub.pl\/blue-water-fiesta\/wp-json\/wp\/v2\/types\/page"}],"author":[{"embeddable":true,"href":"https:\/\/www.bluewaterclub.pl\/blue-water-fiesta\/wp-json\/wp\/v2\/users\/1"}],"replies":[{"embeddable":true,"href":"https:\/\/www.bluewaterclub.pl\/blue-water-fiesta\/wp-json\/wp\/v2\/comments?post=921"}],"version-history":[{"count":13,"href":"https:\/\/www.bluewaterclub.pl\/blue-water-fiesta\/wp-json\/wp\/v2\/pages\/921\/revisions"}],"predecessor-version":[{"id":1772,"href":"https:\/\/www.bluewaterclub.pl\/blue-water-fiesta\/wp-json\/wp\/v2\/pages\/921\/revisions\/1772"}],"wp:attachment":[{"href":"https:\/\/www.bluewaterclub.pl\/blue-water-fiesta\/wp-json\/wp\/v2\/media?parent=921"}],"curies":[{"name":"wp","href":"https:\/\/api.w.org\/{rel}","templated":true}]}}