{"id":65,"date":"2016-06-18T17:14:39","date_gmt":"2016-06-18T15:14:39","guid":{"rendered":"http:\/\/www.bluewaterclub.pl\/fiesta-www\/?page_id=65"},"modified":"2021-06-01T12:40:44","modified_gmt":"2021-06-01T10:40:44","slug":"o-nas","status":"publish","type":"page","link":"https:\/\/www.bluewaterclub.pl\/blue-water-fiesta\/o-nas\/","title":{"rendered":"O nas 2"},"content":{"rendered":"<p>[vc_row section_id=&#8221;start&#8221; section_title=&#8221;start&#8221;][vc_column]<h2 class=\"grve-element grve-align-center grve-title-line grve-h2\" style=\"\"><span>WI\u0118CEJ O NAS<\/span><\/h2>[\/vc_column][\/vc_row][vc_row][vc_column width=&#8221;1\/4&#8243;][\/vc_column][vc_column width=&#8221;1\/2&#8243;]<div class=\"grve-element grve-image grve-align-center\" style=\"\"><a href=\"https:\/\/www.bluewaterclub.pl\" target=\"_blank\"><img width=\"1221\" height=\"377\" src=\"https:\/\/www.bluewaterclub.pl\/blue-water-fiesta\/wp-content\/uploads\/2016\/06\/Logo_BWC_opt.jpg\" class=\"attachment-full size-full\" alt=\"Logo Blue Water Club-u\" loading=\"lazy\" srcset=\"https:\/\/www.bluewaterclub.pl\/blue-water-fiesta\/wp-content\/uploads\/2016\/06\/Logo_BWC_opt.jpg 1x, https:\/\/www.bluewaterclub.pl\/blue-water-fiesta\/wp-content\/uploads\/2016\/06\/Logo_BWC_opt.jpg 2x\" \/><\/a><\/div>[\/vc_column][vc_column width=&#8221;1\/4&#8243;][\/vc_column][\/vc_row][vc_row][vc_column width=&#8221;1\/6&#8243;][\/vc_column][vc_column width=&#8221;2\/3&#8243;][vc_column_text]<\/p>\n<p style=\"text-align: left;\">Od ponad 10-ciu lat organizujemy pozytywnie zakr\u0119cone rejsy morskie na morzach i oceanach ca\u0142ego \u015bwiata. Je\u017celi chcesz wybrac si\u0119 z nami w innych terminach lub na inne akweny ni\u017c przewiduje tegoroczna Blue Water Fiesta &#8211; sprawd\u017a nasz\u0105 pe\u0142n\u0105 ofert\u0119 rejs\u00f3w i czarter\u00f3w na stronie: <a href=\"https:\/\/www.bluewaterclub.pl\" target=\"window\" rel=\"noopener noreferrer\">www.BlueWaterClub.pl<\/a><\/p>\n<p>[\/vc_column_text][\/vc_column][vc_column width=&#8221;1\/6&#8243;][\/vc_column][\/vc_row][vc_row desktop_visibility=&#8221;hide&#8221; tablet_visibility=&#8221;hide&#8221; tablet_sm_visibility=&#8221;hide&#8221; mobile_visibility=&#8221;hide&#8221;][vc_column][vc_empty_space height=&#8221;20px&#8221;][\/vc_column][\/vc_row][vc_row bg_type=&#8221;image&#8221; bg_image=&#8221;420&#8243; color_overlay=&#8221;primary-4&#8243; opacity_overlay=&#8221;70&#8243; desktop_visibility=&#8221;hide&#8221; tablet_visibility=&#8221;hide&#8221; tablet_sm_visibility=&#8221;hide&#8221; mobile_visibility=&#8221;hide&#8221; section_id=&#8221;galeria&#8221;][vc_column css=&#8221;.vc_custom_1479050779916{padding-top: 120px !important;padding-bottom: 120px !important;}&#8221;][vc_column_text]<\/p>\n<p style=\"color: #ffffff; font-size: 36px; text-align: center;\">Sprawd\u017a zdj\u0119cia z ostatniej Fiesty tutaj:<br \/>\n<strong><a style=\"color: #ffffff;\" href=\"https:\/\/www.facebook.com\/BlueWaterClub\/photos\/?tab=album&amp;album_id=1408630432485805\" target=\"window\" rel=\"noopener noreferrer\">BLUE WATER FIESTA 2016<\/a><\/strong><\/p>\n<p>[\/vc_column_text][\/vc_column][\/vc_row][vc_row][vc_column][vc_empty_space height=&#8221;10px&#8221;][\/vc_column][\/vc_row][vc_row desktop_visibility=&#8221;hide&#8221; tablet_visibility=&#8221;hide&#8221; tablet_sm_visibility=&#8221;hide&#8221; mobile_visibility=&#8221;hide&#8221; section_id=&#8221;galeria&#8221;][vc_column][vc_empty_space height=&#8221;20px&#8221;]<h2 class=\"grve-element grve-align-center grve-title-line grve-h2\" style=\"\"><span>GALERIE ZE STANDARDOWYCHREJS\u00d3W I IMPREZ<\/span><\/h2>[vc_column_text]<\/p>\n<p style=\"text-align: center;\">Kliknij w zdj\u0119ci\u0119 aby wybra\u0107 dany rejs, event lub tramping<\/p>\n<p>[\/vc_column_text][vc_empty_space height=&#8221;20px&#8221;][\/vc_column][\/vc_row][vc_row desktop_visibility=&#8221;hide&#8221; tablet_visibility=&#8221;hide&#8221; tablet_sm_visibility=&#8221;hide&#8221; mobile_visibility=&#8221;hide&#8221;][vc_column width=&#8221;1\/6&#8243;][\/vc_column][vc_column width=&#8221;2\/3&#8243;]<div class=\"grve-element grve-gallery grve-isotope white\" style=\"\" data-gutter=\"yes\" data-type=\"3-columns\" data-layout=\"fitRows\"><div class=\"grve-isotope-container\"><div class=\"grve-isotope-item \"><figure class=\"grve-image-hover grve-zoom-in\"><div class=\"grve-media grve-dark-overlay grve-opacity-50\"><img width=\"439\" height=\"439\" src=\"https:\/\/www.bluewaterclub.pl\/blue-water-fiesta\/wp-content\/uploads\/2016\/06\/b-min.jpg\" class=\"attachment-large size-large\" alt=\"Galeria z rejs\u00f3w w Chorwacji\" loading=\"lazy\" srcset=\"https:\/\/www.bluewaterclub.pl\/blue-water-fiesta\/wp-content\/uploads\/2016\/06\/b-min.jpg 439w, https:\/\/www.bluewaterclub.pl\/blue-water-fiesta\/wp-content\/uploads\/2016\/06\/b-min-150x150.jpg 150w, https:\/\/www.bluewaterclub.pl\/blue-water-fiesta\/wp-content\/uploads\/2016\/06\/b-min-300x300.jpg 300w, https:\/\/www.bluewaterclub.pl\/blue-water-fiesta\/wp-content\/uploads\/2016\/06\/b-min-120x120.jpg 120w, https:\/\/www.bluewaterclub.pl\/blue-water-fiesta\/wp-content\/uploads\/2016\/06\/b-min-80x80.jpg 80w\" sizes=\"(max-width: 439px) 100vw, 439px\" \/><\/div><figcaption><h6 class=\"grve-title grve-dark\"><a href=\"https:\/\/www.facebook.com\/208965279118999\/photos\/?tab=album&#038;album_id=209222162426644\" target=\"window\" title=\"Galeria z rejs\u00f3w w Chorwacji\" style=\"font-size:28px; font-weight:bold; color:#ffffff;\">CHORWACJA<\/a><\/h6><\/figcaption><\/figure><\/div><div class=\"grve-isotope-item \"><figure class=\"grve-image-hover grve-zoom-in\"><div class=\"grve-media grve-dark-overlay grve-opacity-50\"><img width=\"530\" height=\"530\" src=\"https:\/\/www.bluewaterclub.pl\/blue-water-fiesta\/wp-content\/uploads\/2016\/06\/e-min.jpg\" class=\"attachment-large size-large\" alt=\"Galeria z rejs\u00f3w w Grecji\" loading=\"lazy\" srcset=\"https:\/\/www.bluewaterclub.pl\/blue-water-fiesta\/wp-content\/uploads\/2016\/06\/e-min.jpg 530w, https:\/\/www.bluewaterclub.pl\/blue-water-fiesta\/wp-content\/uploads\/2016\/06\/e-min-150x150.jpg 150w, https:\/\/www.bluewaterclub.pl\/blue-water-fiesta\/wp-content\/uploads\/2016\/06\/e-min-300x300.jpg 300w, https:\/\/www.bluewaterclub.pl\/blue-water-fiesta\/wp-content\/uploads\/2016\/06\/e-min-120x120.jpg 120w, https:\/\/www.bluewaterclub.pl\/blue-water-fiesta\/wp-content\/uploads\/2016\/06\/e-min-80x80.jpg 80w\" sizes=\"(max-width: 530px) 100vw, 530px\" \/><\/div><figcaption><h6 class=\"grve-title grve-dark\"><a style=\"font-size:28px; font-weight:bold; color:#ffffff;\" href=\"https:\/\/www.facebook.com\/208965279118999\/photos\/?tab=album&#038;album_id=353726651309527\" target=\"window\" title=\"Galeria z rejs\u00f3w w Grecji\">GRECJA<\/a><\/h6><\/figcaption><\/figure><\/div><div class=\"grve-isotope-item \"><figure class=\"grve-image-hover grve-zoom-in\"><div class=\"grve-media grve-dark-overlay grve-opacity-50\"><img width=\"447\" height=\"447\" src=\"https:\/\/www.bluewaterclub.pl\/blue-water-fiesta\/wp-content\/uploads\/2016\/06\/c-min.jpg\" class=\"attachment-large size-large\" alt=\"Galeria z rejs\u00f3w po Karaibach\" loading=\"lazy\" srcset=\"https:\/\/www.bluewaterclub.pl\/blue-water-fiesta\/wp-content\/uploads\/2016\/06\/c-min.jpg 447w, https:\/\/www.bluewaterclub.pl\/blue-water-fiesta\/wp-content\/uploads\/2016\/06\/c-min-150x150.jpg 150w, https:\/\/www.bluewaterclub.pl\/blue-water-fiesta\/wp-content\/uploads\/2016\/06\/c-min-300x300.jpg 300w, https:\/\/www.bluewaterclub.pl\/blue-water-fiesta\/wp-content\/uploads\/2016\/06\/c-min-120x120.jpg 120w, https:\/\/www.bluewaterclub.pl\/blue-water-fiesta\/wp-content\/uploads\/2016\/06\/c-min-80x80.jpg 80w\" sizes=\"(max-width: 447px) 100vw, 447px\" \/><\/div><figcaption><h6 class=\"grve-title grve-dark\"><a style=\"font-size:28px; font-weight:bold; color:#ffffff;\" href=\"https:\/\/www.facebook.com\/208965279118999\/photos\/?tab=album&#038;album_id=228402897175237\" target=\"window\" title=\"Galeria z rejs\u00f3w po Karaibach\">KARAIBY<\/a><\/h6><\/figcaption><\/figure><\/div><div class=\"grve-isotope-item \"><figure class=\"grve-image-hover grve-zoom-in\"><div class=\"grve-media grve-dark-overlay grve-opacity-50\"><img width=\"1024\" height=\"1024\" src=\"https:\/\/www.bluewaterclub.pl\/blue-water-fiesta\/wp-content\/uploads\/2016\/06\/d-min-1024x1024.jpg\" class=\"attachment-large size-large\" alt=\"Impreza porejsowa Blue Water Clubu\" loading=\"lazy\" srcset=\"https:\/\/www.bluewaterclub.pl\/blue-water-fiesta\/wp-content\/uploads\/2016\/06\/d-min-1024x1024.jpg 1024w, https:\/\/www.bluewaterclub.pl\/blue-water-fiesta\/wp-content\/uploads\/2016\/06\/d-min-150x150.jpg 150w, https:\/\/www.bluewaterclub.pl\/blue-water-fiesta\/wp-content\/uploads\/2016\/06\/d-min-300x300.jpg 300w, https:\/\/www.bluewaterclub.pl\/blue-water-fiesta\/wp-content\/uploads\/2016\/06\/d-min-768x768.jpg 768w, https:\/\/www.bluewaterclub.pl\/blue-water-fiesta\/wp-content\/uploads\/2016\/06\/d-min-120x120.jpg 120w, https:\/\/www.bluewaterclub.pl\/blue-water-fiesta\/wp-content\/uploads\/2016\/06\/d-min-560x560.jpg 560w, https:\/\/www.bluewaterclub.pl\/blue-water-fiesta\/wp-content\/uploads\/2016\/06\/d-min-80x80.jpg 80w, https:\/\/www.bluewaterclub.pl\/blue-water-fiesta\/wp-content\/uploads\/2016\/06\/d-min-1120x1120.jpg 1120w, https:\/\/www.bluewaterclub.pl\/blue-water-fiesta\/wp-content\/uploads\/2016\/06\/d-min.jpg 1362w\" sizes=\"(max-width: 1024px) 100vw, 1024px\" \/><\/div><figcaption><h6 class=\"grve-title grve-dark\"><a style=\"font-size:28px; font-weight:bold; color:#ffffff;\" href=\"https:\/\/www.facebook.com\/208965279118999\/photos\/?tab=album&#038;album_id=329095177106008\" target=\"window\" title=\"Impreza porejsowa Blue Water Clubu\">AFTER `11<\/a><\/h6><\/figcaption><\/figure><\/div><div class=\"grve-isotope-item \"><figure class=\"grve-image-hover grve-zoom-in\"><div class=\"grve-media grve-dark-overlay grve-opacity-50\"><img width=\"1024\" height=\"1024\" src=\"https:\/\/www.bluewaterclub.pl\/blue-water-fiesta\/wp-content\/uploads\/2016\/06\/a-min-1024x1024.jpg\" class=\"attachment-large size-large\" alt=\"Galeria z rejs\u00f3w po Seszelach\" loading=\"lazy\" srcset=\"https:\/\/www.bluewaterclub.pl\/blue-water-fiesta\/wp-content\/uploads\/2016\/06\/a-min-1024x1024.jpg 1024w, https:\/\/www.bluewaterclub.pl\/blue-water-fiesta\/wp-content\/uploads\/2016\/06\/a-min-150x150.jpg 150w, https:\/\/www.bluewaterclub.pl\/blue-water-fiesta\/wp-content\/uploads\/2016\/06\/a-min-300x300.jpg 300w, https:\/\/www.bluewaterclub.pl\/blue-water-fiesta\/wp-content\/uploads\/2016\/06\/a-min-768x768.jpg 768w, https:\/\/www.bluewaterclub.pl\/blue-water-fiesta\/wp-content\/uploads\/2016\/06\/a-min-120x120.jpg 120w, https:\/\/www.bluewaterclub.pl\/blue-water-fiesta\/wp-content\/uploads\/2016\/06\/a-min-560x560.jpg 560w, https:\/\/www.bluewaterclub.pl\/blue-water-fiesta\/wp-content\/uploads\/2016\/06\/a-min-80x80.jpg 80w, https:\/\/www.bluewaterclub.pl\/blue-water-fiesta\/wp-content\/uploads\/2016\/06\/a-min-1120x1120.jpg 1120w, https:\/\/www.bluewaterclub.pl\/blue-water-fiesta\/wp-content\/uploads\/2016\/06\/a-min.jpg 1536w\" sizes=\"(max-width: 1024px) 100vw, 1024px\" \/><\/div><figcaption><h6 class=\"grve-title grve-dark\"><a style=\"font-size:28px; font-weight:bold; color:#ffffff;\" href=\"https:\/\/www.facebook.com\/208965279118999\/photos\/?tab=album&#038;album_id=527883103893880\" target=\"window\" title=\"Galeria z rejs\u00f3w po Seszelach\">SESZELE<\/a><\/h6><\/figcaption><\/figure><\/div><div class=\"grve-isotope-item \"><figure class=\"grve-image-hover grve-zoom-in\"><div class=\"grve-media grve-dark-overlay grve-opacity-50\"><img width=\"1024\" height=\"1024\" src=\"https:\/\/www.bluewaterclub.pl\/blue-water-fiesta\/wp-content\/uploads\/2016\/06\/f-min-1024x1024.jpg\" class=\"attachment-large size-large\" alt=\"Tramping przedrejsowy w Tajlandii\" loading=\"lazy\" srcset=\"https:\/\/www.bluewaterclub.pl\/blue-water-fiesta\/wp-content\/uploads\/2016\/06\/f-min-1024x1024.jpg 1024w, https:\/\/www.bluewaterclub.pl\/blue-water-fiesta\/wp-content\/uploads\/2016\/06\/f-min-150x150.jpg 150w, https:\/\/www.bluewaterclub.pl\/blue-water-fiesta\/wp-content\/uploads\/2016\/06\/f-min-300x300.jpg 300w, https:\/\/www.bluewaterclub.pl\/blue-water-fiesta\/wp-content\/uploads\/2016\/06\/f-min-768x768.jpg 768w, https:\/\/www.bluewaterclub.pl\/blue-water-fiesta\/wp-content\/uploads\/2016\/06\/f-min-120x120.jpg 120w, https:\/\/www.bluewaterclub.pl\/blue-water-fiesta\/wp-content\/uploads\/2016\/06\/f-min-560x560.jpg 560w, https:\/\/www.bluewaterclub.pl\/blue-water-fiesta\/wp-content\/uploads\/2016\/06\/f-min-80x80.jpg 80w, https:\/\/www.bluewaterclub.pl\/blue-water-fiesta\/wp-content\/uploads\/2016\/06\/f-min-1120x1120.jpg 1120w, https:\/\/www.bluewaterclub.pl\/blue-water-fiesta\/wp-content\/uploads\/2016\/06\/f-min.jpg 1320w\" sizes=\"(max-width: 1024px) 100vw, 1024px\" \/><\/div><figcaption><h6 class=\"grve-title grve-dark\"><a style=\"font-size:28px; font-weight:bold; color:#ffffff;\" href=\"https:\/\/www.facebook.com\/208965279118999\/photos\/?tab=album&#038;album_id=719036314778557\" target=\"window\" title=\"Tramping przedrejsowy w Tajlandii\">TRAMPING<\/a><\/h6><\/figcaption><\/figure><\/div><\/div><\/div>[\/vc_column][vc_column width=&#8221;1\/6&#8243;][\/vc_column][\/vc_row][vc_row][vc_column][vc_empty_space height=&#8221;10px&#8221;]<h2 class=\"grve-element grve-align-center grve-title-line grve-h2\" style=\"\"><span>POZNAJMY SI\u0118<\/span><\/h2>[vc_empty_space height=&#8221;10px&#8221;][\/vc_column][\/vc_row][vc_row flex_height=&#8221;yes&#8221;][vc_column width=&#8221;1\/3&#8243; css=&#8221;.vc_custom_1466286279117{padding-right: 10% !important;padding-left: 10% !important;}&#8221;][vc_column_text el_class=&#8221;nagrody&#8221;]Nagrody[\/vc_column_text]<div class=\"grve-element grve-image grve-align-center\" style=\"\"><img width=\"1000\" height=\"996\" src=\"https:\/\/www.bluewaterclub.pl\/blue-water-fiesta\/wp-content\/uploads\/2016\/06\/Laur_Konsumenta-min.png\" class=\"attachment-full size-full\" alt=\"Laur Konsumenta dla Blue Water Club-u\" loading=\"lazy\" srcset=\"https:\/\/www.bluewaterclub.pl\/blue-water-fiesta\/wp-content\/uploads\/2016\/06\/Laur_Konsumenta-min.png 1x, https:\/\/www.bluewaterclub.pl\/blue-water-fiesta\/wp-content\/uploads\/2016\/06\/Laur_Konsumenta-min.png 2x\" \/><\/div>[\/vc_column][vc_column width=&#8221;1\/3&#8243;][vc_column_text el_class=&#8221;nagrody&#8221;]Gwarancja stysfakcji<br \/>\n[\/vc_column_text]<div class=\"grve-element grve-pie-chart grve-animated-item grve-fadeIn\" style=\"\" data-delay=\"200\">  <div class=\"grve-chart-number\" data-percent=\"94\" data-pie-active-color=\"#02bcf4\" data-pie-color=\"#f4d36e\" data-pie-line-cap=\"round\" data-pie-line-size=\"10\">    <span class=\"grve-counter\">94%<\/span>  <\/div><\/div>[vc_column_text]<\/p>\n<p style=\"text-align: center;\">uczestnik\u00f3w ocenia nas co najmniej na 5\/6<br \/>\n<span style=\"text-align: center; font-size: 12px;\">(dane z bada\u0144 ankietowych za lata 2008-2014)<\/span><\/p>\n<p>[\/vc_column_text][\/vc_column][vc_column width=&#8221;1\/3&#8243; css=&#8221;.vc_custom_1465402824907{padding-right: 6% !important;padding-left: 6% !important;}&#8221;][vc_column_text el_class=&#8221;nagrody&#8221;]Dzie\u0144 Dobry TVN[\/vc_column_text]<div class=\"grve-element grve-image grve-align-center\" style=\"\"><a href=\"https:\/\/dziendobry.tvn.pl\/wideo,2064,n\/zywot-zeglarza,8048.html\" target=\"_blank\"><img width=\"626\" height=\"353\" src=\"https:\/\/www.bluewaterclub.pl\/blue-water-fiesta\/wp-content\/uploads\/2016\/06\/Blue_Water_Club_TVN.jpg\" class=\"attachment-full size-full\" alt=\"Blue Water Club rozmowy o rejsach w TVN\" loading=\"lazy\" srcset=\"https:\/\/www.bluewaterclub.pl\/blue-water-fiesta\/wp-content\/uploads\/2016\/06\/Blue_Water_Club_TVN.jpg 1x, https:\/\/www.bluewaterclub.pl\/blue-water-fiesta\/wp-content\/uploads\/2016\/06\/Blue_Water_Club_TVN.jpg 2x\" \/><\/a><\/div>[vc_empty_space height=&#8221;10px&#8221;][vc_column_text]<\/p>\n<p style=\"text-align: center;\">Rozmowy\u00a0z Blue Water Club-em<\/p>\n<p>[\/vc_column_text][\/vc_column][\/vc_row]<\/p>\n","protected":false},"excerpt":{"rendered":"<p>[vc_row section_id=&#8221;start&#8221; section_title=&#8221;start&#8221;][vc_column][\/vc_column][\/vc_row][vc_row][vc_column width=&#8221;1\/4&#8243;][\/vc_column][vc_column width=&#8221;1\/2&#8243;][\/vc_column][vc_column width=&#8221;1\/4&#8243;][\/vc_column][\/vc_row][vc_row][vc_column width=&#8221;1\/6&#8243;][\/vc_column][vc_column width=&#8221;2\/3&#8243;][vc_column_text] Od ponad 10-ciu lat organizujemy pozytywnie zakr\u0119cone rejsy morskie na morzach i oceanach ca\u0142ego \u015bwiata. Je\u017celi chcesz wybrac si\u0119 z nami w innych terminach lub na inne akweny ni\u017c przewiduje tegoroczna Blue Water Fiesta &#8211; sprawd\u017a nasz\u0105 pe\u0142n\u0105 ofert\u0119 rejs\u00f3w i czarter\u00f3w na stronie: www.BlueWaterClub.pl [\/vc_column_text][\/vc_column][vc_column width=&#8221;1\/6&#8243;][\/vc_column][\/vc_row][vc_row [&hellip;]<\/p>\n","protected":false},"author":1,"featured_media":0,"parent":0,"menu_order":0,"comment_status":"closed","ping_status":"closed","template":"","meta":[],"_links":{"self":[{"href":"https:\/\/www.bluewaterclub.pl\/blue-water-fiesta\/wp-json\/wp\/v2\/pages\/65"}],"collection":[{"href":"https:\/\/www.bluewaterclub.pl\/blue-water-fiesta\/wp-json\/wp\/v2\/pages"}],"about":[{"href":"https:\/\/www.bluewaterclub.pl\/blue-water-fiesta\/wp-json\/wp\/v2\/types\/page"}],"author":[{"embeddable":true,"href":"https:\/\/www.bluewaterclub.pl\/blue-water-fiesta\/wp-json\/wp\/v2\/users\/1"}],"replies":[{"embeddable":true,"href":"https:\/\/www.bluewaterclub.pl\/blue-water-fiesta\/wp-json\/wp\/v2\/comments?post=65"}],"version-history":[{"count":37,"href":"https:\/\/www.bluewaterclub.pl\/blue-water-fiesta\/wp-json\/wp\/v2\/pages\/65\/revisions"}],"predecessor-version":[{"id":3201,"href":"https:\/\/www.bluewaterclub.pl\/blue-water-fiesta\/wp-json\/wp\/v2\/pages\/65\/revisions\/3201"}],"wp:attachment":[{"href":"https:\/\/www.bluewaterclub.pl\/blue-water-fiesta\/wp-json\/wp\/v2\/media?parent=65"}],"curies":[{"name":"wp","href":"https:\/\/api.w.org\/{rel}","templated":true}]}}