{"id":1241,"date":"2018-01-26T18:14:12","date_gmt":"2018-01-26T17:14:12","guid":{"rendered":"http:\/\/www.bluewaterclub.pl\/blue-water-fiesta\/?page_id=1241"},"modified":"2018-06-17T14:04:59","modified_gmt":"2018-06-17T12:04:59","slug":"rejsy-niezniszczalnych","status":"publish","type":"page","link":"https:\/\/www.bluewaterclub.pl\/blue-water-fiesta\/rejsy-niezniszczalnych\/","title":{"rendered":"Rejsy Niezniszczalnych"},"content":{"rendered":"<p>[vc_row section_id=&#8221;start&#8221; section_title=&#8221;start&#8221;][vc_column]<h2 class=\"grve-element grve-align-center grve-title-line grve-h2\" style=\"\"><span>REJSY NIEZNISZCZALNYCH<\/span><\/h2>[\/vc_column][\/vc_row][vc_row][vc_column][vc_empty_space height=&#8221;1px&#8221;][\/vc_column][\/vc_row][vc_row][vc_column width=&#8221;1\/6&#8243;][\/vc_column][vc_column width=&#8221;2\/3&#8243;]<div class=\"grve-element grve-image grve-align-center\" style=\"\"><a href=\"https:\/\/www.bluewaterclub.pl\" target=\"_blank\"><img width=\"2000\" height=\"655\" src=\"https:\/\/www.bluewaterclub.pl\/blue-water-fiesta\/wp-content\/uploads\/2017\/02\/Blue-Water-FIesta-grupa-panorama-2000-min.jpg\" class=\"attachment-full size-full\" alt=\"Rejsy niezniszczalnych Blue Water Club\" loading=\"lazy\" srcset=\"https:\/\/www.bluewaterclub.pl\/blue-water-fiesta\/wp-content\/uploads\/2017\/02\/Blue-Water-FIesta-grupa-panorama-2000-min.jpg 1x, https:\/\/www.bluewaterclub.pl\/blue-water-fiesta\/wp-content\/uploads\/2017\/02\/Blue-Water-FIesta-grupa-panorama-2000-min.jpg 2x\" \/><\/a><\/div>[\/vc_column][vc_column width=&#8221;1\/6&#8243;][\/vc_column][\/vc_row][vc_row][vc_column][vc_empty_space height=&#8221;1px&#8221;][\/vc_column][\/vc_row][vc_row][vc_column width=&#8221;1\/6&#8243;][\/vc_column][vc_column width=&#8221;2\/3&#8243;][vc_column_text]<\/p>\n<p style=\"text-align: left;\">Po wielkim sukcesie najpierw The Sailing Fiesty (ex. Blue Water Fiesta) a nast\u0119pie dodaniu do niej kilku dodatkowych jacht\u00f3w Niezniszczalnych (na kt\u00f3rych nie obowi\u0105zywa\u0142 g\u00f3rny limit wieku), nadszed\u0142 czas, na oddzieln\u0105 imprez\u0119 &#8211; Rejsy Niezniszczalnych, czyli <strong>specjaln\u0105 edycj\u0119 The Sailing Fiesty<\/strong>, na kt\u00f3rej nie sprawdzamy PESELI, wa\u017cne jednak aby\u015b na pewno wiedzia\u0142\/a, na co si\u0119 piszesz&#8230; \ud83d\ude42<\/p>\n<p><strong>Terminy Rejs\u00f3w Niezniszczalnych<\/strong> znajdziesz w tym samym miejscu co terminy pozosta\u0142ych edycji The Sailing Fiesty (patrz menu na g\u00f3rze strony).[\/vc_column_text][\/vc_column][vc_column width=&#8221;1\/6&#8243;][\/vc_column][\/vc_row]<\/p>\n","protected":false},"excerpt":{"rendered":"<p>[vc_row section_id=&#8221;start&#8221; section_title=&#8221;start&#8221;][vc_column][\/vc_column][\/vc_row][vc_row][vc_column][vc_empty_space height=&#8221;1px&#8221;][\/vc_column][\/vc_row][vc_row][vc_column width=&#8221;1\/6&#8243;][\/vc_column][vc_column width=&#8221;2\/3&#8243;][\/vc_column][vc_column width=&#8221;1\/6&#8243;][\/vc_column][\/vc_row][vc_row][vc_column][vc_empty_space height=&#8221;1px&#8221;][\/vc_column][\/vc_row][vc_row][vc_column width=&#8221;1\/6&#8243;][\/vc_column][vc_column width=&#8221;2\/3&#8243;][vc_column_text] Po wielkim sukcesie najpierw The Sailing Fiesty (ex. Blue Water Fiesta) a nast\u0119pie dodaniu do niej kilku dodatkowych jacht\u00f3w Niezniszczalnych (na kt\u00f3rych nie obowi\u0105zywa\u0142 g\u00f3rny limit wieku), nadszed\u0142 czas, na oddzieln\u0105 imprez\u0119 &#8211; Rejsy Niezniszczalnych, czyli specjaln\u0105 edycj\u0119 The Sailing Fiesty, na kt\u00f3rej nie sprawdzamy [&hellip;]<\/p>\n","protected":false},"author":1,"featured_media":0,"parent":0,"menu_order":0,"comment_status":"closed","ping_status":"closed","template":"","meta":[],"_links":{"self":[{"href":"https:\/\/www.bluewaterclub.pl\/blue-water-fiesta\/wp-json\/wp\/v2\/pages\/1241"}],"collection":[{"href":"https:\/\/www.bluewaterclub.pl\/blue-water-fiesta\/wp-json\/wp\/v2\/pages"}],"about":[{"href":"https:\/\/www.bluewaterclub.pl\/blue-water-fiesta\/wp-json\/wp\/v2\/types\/page"}],"author":[{"embeddable":true,"href":"https:\/\/www.bluewaterclub.pl\/blue-water-fiesta\/wp-json\/wp\/v2\/users\/1"}],"replies":[{"embeddable":true,"href":"https:\/\/www.bluewaterclub.pl\/blue-water-fiesta\/wp-json\/wp\/v2\/comments?post=1241"}],"version-history":[{"count":4,"href":"https:\/\/www.bluewaterclub.pl\/blue-water-fiesta\/wp-json\/wp\/v2\/pages\/1241\/revisions"}],"predecessor-version":[{"id":1388,"href":"https:\/\/www.bluewaterclub.pl\/blue-water-fiesta\/wp-json\/wp\/v2\/pages\/1241\/revisions\/1388"}],"wp:attachment":[{"href":"https:\/\/www.bluewaterclub.pl\/blue-water-fiesta\/wp-json\/wp\/v2\/media?parent=1241"}],"curies":[{"name":"wp","href":"https:\/\/api.w.org\/{rel}","templated":true}]}}